{"id":40,"date":"2024-10-07T16:17:31","date_gmt":"2024-10-07T13:17:31","guid":{"rendered":"http:\/\/akdosan-nd"},"modified":"2024-10-10T17:38:10","modified_gmt":"2024-10-10T14:38:10","slug":"yenilikci-atik-yonetimi","status":"publish","type":"page","link":"https:\/\/akdosan.com\/index.php\/yenilikci-atik-yonetimi\/","title":{"rendered":"Yenilik\u00e7i At\u0131k Y\u00f6netimi"},"content":{"rendered":"\t\t<div data-elementor-type=\"wp-page\" data-elementor-id=\"40\" class=\"elementor elementor-40\">\n\t\t\t\t<div class=\"elementor-element elementor-element-73441a0f e-con-full e-flex e-con e-parent\" data-id=\"73441a0f\" data-element_type=\"container\" data-settings=\"{&quot;background_background&quot;:&quot;classic&quot;}\">\n\t\t<div class=\"elementor-element elementor-element-f3c9801 e-flex e-con-boxed e-con e-child\" data-id=\"f3c9801\" data-element_type=\"container\">\n\t\t\t\t\t<div class=\"e-con-inner\">\n\t\t\t\t<div class=\"elementor-element elementor-element-21e2ce26 elementor-widget elementor-widget-heading\" data-id=\"21e2ce26\" data-element_type=\"widget\" data-widget_type=\"heading.default\">\n\t\t\t\t<div class=\"elementor-widget-container\">\n\t\t\t<h1 class=\"elementor-heading-title elementor-size-default\">Yenilik\u00e7i At\u0131k Y\u00f6netimi<\/h1>\t\t<\/div>\n\t\t\t\t<\/div>\n\t\t\t\t\t<\/div>\n\t\t\t\t<\/div>\n\t\t\t\t<\/div>\n\t\t<div class=\"elementor-element elementor-element-2de0a4b0 e-flex e-con-boxed e-con e-parent\" data-id=\"2de0a4b0\" data-element_type=\"container\" data-settings=\"{&quot;background_background&quot;:&quot;gradient&quot;}\">\n\t\t\t\t\t<div class=\"e-con-inner\">\n\t\t<div class=\"elementor-element elementor-element-475f26d e-flex e-con-boxed e-con e-child\" data-id=\"475f26d\" data-element_type=\"container\">\n\t\t\t\t\t<div class=\"e-con-inner\">\n\t\t<div class=\"elementor-element elementor-element-222b0ecf e-con-full e-flex e-con e-child\" data-id=\"222b0ecf\" data-element_type=\"container\">\n\t\t\t\t<div class=\"elementor-element elementor-element-a7c6 elementor-widget__width-auto animated-slow e-transform elementor-invisible elementor-widget elementor-widget-image\" data-id=\"a7c6\" data-element_type=\"widget\" data-settings=\"{&quot;_animation&quot;:&quot;slideInLeft&quot;,&quot;_transform_scale_effect_hover&quot;:{&quot;unit&quot;:&quot;px&quot;,&quot;size&quot;:1.01,&quot;sizes&quot;:[]},&quot;_transform_scale_effect_hover_tablet&quot;:{&quot;unit&quot;:&quot;px&quot;,&quot;size&quot;:&quot;&quot;,&quot;sizes&quot;:[]},&quot;_transform_scale_effect_hover_mobile&quot;:{&quot;unit&quot;:&quot;px&quot;,&quot;size&quot;:&quot;&quot;,&quot;sizes&quot;:[]}}\" data-widget_type=\"image.default\">\n\t\t\t\t<div class=\"elementor-widget-container\">\n\t\t\t\t\t\t\t\t\t\t\t\t\t<img fetchpriority=\"high\" decoding=\"async\" width=\"900\" height=\"600\" src=\"https:\/\/akdosan.com\/wp-content\/uploads\/storyset-3.svg\" class=\"attachment-full size-full wp-image-97\" alt=\"\" \/>\t\t\t\t\t\t\t\t\t\t\t\t\t<\/div>\n\t\t\t\t<\/div>\n\t\t\t\t<\/div>\n\t\t<div class=\"elementor-element elementor-element-5c70289f e-con-full e-flex e-con e-child\" data-id=\"5c70289f\" data-element_type=\"container\">\n\t\t<div class=\"elementor-element elementor-element-489be0ac e-con-full e-flex e-con e-child\" data-id=\"489be0ac\" data-element_type=\"container\">\n\t\t\t\t<div class=\"elementor-element elementor-element-4939f6e7 elementor-widget elementor-widget-heading\" data-id=\"4939f6e7\" data-element_type=\"widget\" data-widget_type=\"heading.default\">\n\t\t\t\t<div class=\"elementor-widget-container\">\n\t\t\t<h2 class=\"elementor-heading-title elementor-size-default\">Entegre At\u0131k Y\u00f6netimi<\/h2>\t\t<\/div>\n\t\t\t\t<\/div>\n\t\t\t\t<div class=\"elementor-element elementor-element-a77dbcd elementor-widget elementor-widget-text-editor\" data-id=\"a77dbcd\" data-element_type=\"widget\" data-widget_type=\"text-editor.default\">\n\t\t\t\t<div class=\"elementor-widget-container\">\n\t\t\t\t\t\t\t<p><strong>1. Yenilik\u00e7i At\u0131k Y\u00f6netimi<\/strong><\/p><p>Yenilik\u00e7i At\u0131k D\u00f6n\u00fc\u015f\u00fcm Projeleri geli\u015ftiriyoruz. Plastik, cam ve ka\u011f\u0131t gibi materyallerin farkl\u0131 alanlarda kullan\u0131lmas\u0131n\u0131 sa\u011flayarak yenilik\u00e7i \u00fcr\u00fcnler ortaya \u00e7\u0131kar\u0131yoruz.<\/p>\t\t\t\t\t\t<\/div>\n\t\t\t\t<\/div>\n\t\t\t\t<\/div>\n\t\t\t\t<\/div>\n\t\t\t\t\t<\/div>\n\t\t\t\t<\/div>\n\t\t<div class=\"elementor-element elementor-element-93e5478 e-con-full e-flex e-con e-child\" data-id=\"93e5478\" data-element_type=\"container\">\n\t\t<div class=\"elementor-element elementor-element-7d3189e e-con-full e-flex e-con e-child\" data-id=\"7d3189e\" data-element_type=\"container\">\n\t\t\t\t<div class=\"elementor-element elementor-element-99dd5da elementor-widget elementor-widget-text-editor\" data-id=\"99dd5da\" data-element_type=\"widget\" data-widget_type=\"text-editor.default\">\n\t\t\t\t<div class=\"elementor-widget-container\">\n\t\t\t\t\t\t\t<p><strong>2. D\u00f6ng\u00fcsel Ekonomiye Katk\u0131<\/strong><\/p><p>At\u0131klar\u0131 sadece bertaraf etmekle kalmay\u0131p, yeniden kullan\u0131labilir ve geri d\u00f6n\u00fc\u015ft\u00fcr\u00fclebilir hale getiriyoruz. Bu sayede at\u0131klar, s\u00fcrd\u00fcr\u00fclebilir bir d\u00f6ng\u00fc i\u00e7inde tekrar ekonomiye kazand\u0131r\u0131l\u0131yor.<\/p><p><strong>3. Ak\u0131ll\u0131 Geri D\u00f6n\u00fc\u015f\u00fcm Teknolojileri<\/strong><\/p><p>At\u0131klar\u0131n yarat\u0131c\u0131 yollarla yeniden de\u011ferlendirilmesi \u00fczerine projeler geli\u015ftiriyoruz. Plastik, cam ve ka\u011f\u0131t gibi materyallerin farkl\u0131 alanlarda kullan\u0131lmas\u0131n\u0131 sa\u011flayarak yenilik\u00e7i \u00fcr\u00fcnler ortaya \u00e7\u0131kar\u0131yoruz.<\/p>\t\t\t\t\t\t<\/div>\n\t\t\t\t<\/div>\n\t\t\t\t<\/div>\n\t\t\t\t<\/div>\n\t\t\t\t\t<\/div>\n\t\t\t\t<\/div>\n\t\t<div class=\"elementor-element elementor-element-71a6e86f e-flex e-con-boxed e-con e-parent\" data-id=\"71a6e86f\" data-element_type=\"container\" data-settings=\"{&quot;background_background&quot;:&quot;classic&quot;}\">\n\t\t\t\t\t<div class=\"e-con-inner\">\n\t\t<div class=\"elementor-element elementor-element-5a808a49 e-con-full e-flex e-con e-child\" data-id=\"5a808a49\" data-element_type=\"container\">\n\t\t\t\t<div class=\"elementor-element elementor-element-3bc28e91 elementor-widget elementor-widget-heading\" data-id=\"3bc28e91\" data-element_type=\"widget\" data-widget_type=\"heading.default\">\n\t\t\t\t<div class=\"elementor-widget-container\">\n\t\t\t<h2 class=\"elementor-heading-title elementor-size-default\">Hizmetlerimiz<\/h2>\t\t<\/div>\n\t\t\t\t<\/div>\n\t\t\t\t<\/div>\n\t\t<div class=\"elementor-element elementor-element-50a971a7 e-con-full e-flex e-con e-child\" data-id=\"50a971a7\" data-element_type=\"container\" data-settings=\"{&quot;background_background&quot;:&quot;classic&quot;}\">\n\t\t\t\t<div class=\"elementor-element elementor-element-658c428e elementor-widget elementor-widget-elementskit-client-logo\" data-id=\"658c428e\" data-element_type=\"widget\" data-widget_type=\"elementskit-client-logo.default\">\n\t\t\t\t<div class=\"elementor-widget-container\">\n\t\t\t<div class=\"ekit-wid-con\" >\t\t<div class=\"elementskit-clients-slider slider-dotted dot_default hover_from_top banner_logo_image\" data-config=\"{&quot;rtl&quot;:false,&quot;arrows&quot;:false,&quot;dots&quot;:true,&quot;autoplay&quot;:true,&quot;speed&quot;:1000,&quot;slidesPerView&quot;:4,&quot;slidesPerGroup&quot;:2,&quot;pauseOnHover&quot;:true,&quot;loop&quot;:true,&quot;breakpoints&quot;:{&quot;320&quot;:{&quot;slidesPerView&quot;:1,&quot;slidesPerGroup&quot;:1,&quot;spaceBetween&quot;:10},&quot;768&quot;:{&quot;slidesPerView&quot;:2,&quot;slidesPerGroup&quot;:1,&quot;spaceBetween&quot;:10},&quot;1024&quot;:{&quot;slidesPerView&quot;:4,&quot;slidesPerGroup&quot;:2,&quot;spaceBetween&quot;:15}}}\" data-direction=\"hover_from_top\">\n\t\t\t<div class=\"ekit-main-swiper swiper\">\n\t\t\t\t<div class=\"swiper-wrapper\">\n\t\t\t\t\t\t\t\t\t\t\t<div class=\"elementskit-client-slider-item swiper-slide \">\n\t\t\t\t\t\t\t<div class=\"swiper-slide-inner\">\n\t\t\t\t\t\t\t\t<div class=\"single-client image-switcher\" title=\"\">\n\t\t\t\t\t\t\t\t\t\n\t\t\t\t\t\t\t\t\t\t<div class=\"content-image\">\n\n\t\t\t\t\t\t\t\t\t\t\t<img decoding=\"async\" width=\"620\" height=\"620\" src=\"https:\/\/akdosan.com\/wp-content\/uploads\/galeri-23.png\" class=\"\" alt=\"\" \/>\t\t\t\t\t\t\t\t\t\t<\/div>\n\n\t\t\t\t\t\t\t\t\t\n\t\t\t\t\t\t\t\t<\/div>\n\t\t\t\t\t\t\t<\/div>\n\t\t\t\t\t\t<\/div>\n\t\t\t\t\t\t\t\t\t\t\t<div class=\"elementskit-client-slider-item swiper-slide \">\n\t\t\t\t\t\t\t<div class=\"swiper-slide-inner\">\n\t\t\t\t\t\t\t\t<div class=\"single-client image-switcher\" title=\"\">\n\t\t\t\t\t\t\t\t\t\n\t\t\t\t\t\t\t\t\t\t<div class=\"content-image\">\n\n\t\t\t\t\t\t\t\t\t\t\t<img decoding=\"async\" width=\"620\" height=\"620\" src=\"https:\/\/akdosan.com\/wp-content\/uploads\/galeri-24.png\" class=\"\" alt=\"\" \/>\t\t\t\t\t\t\t\t\t\t<\/div>\n\n\t\t\t\t\t\t\t\t\t\n\t\t\t\t\t\t\t\t<\/div>\n\t\t\t\t\t\t\t<\/div>\n\t\t\t\t\t\t<\/div>\n\t\t\t\t\t\t\t\t\t\t\t<div class=\"elementskit-client-slider-item swiper-slide \">\n\t\t\t\t\t\t\t<div class=\"swiper-slide-inner\">\n\t\t\t\t\t\t\t\t<div class=\"single-client image-switcher\" title=\"\">\n\t\t\t\t\t\t\t\t\t\n\t\t\t\t\t\t\t\t\t\t<div class=\"content-image\">\n\n\t\t\t\t\t\t\t\t\t\t\t<img loading=\"lazy\" decoding=\"async\" width=\"620\" height=\"620\" src=\"https:\/\/akdosan.com\/wp-content\/uploads\/galeri-25.png\" class=\"\" alt=\"\" \/>\t\t\t\t\t\t\t\t\t\t<\/div>\n\n\t\t\t\t\t\t\t\t\t\n\t\t\t\t\t\t\t\t<\/div>\n\t\t\t\t\t\t\t<\/div>\n\t\t\t\t\t\t<\/div>\n\t\t\t\t\t\t\t\t\t\t\t<div class=\"elementskit-client-slider-item swiper-slide \">\n\t\t\t\t\t\t\t<div class=\"swiper-slide-inner\">\n\t\t\t\t\t\t\t\t<div class=\"single-client image-switcher\" title=\"\">\n\t\t\t\t\t\t\t\t\t\n\t\t\t\t\t\t\t\t\t\t<div class=\"content-image\">\n\n\t\t\t\t\t\t\t\t\t\t\t<img loading=\"lazy\" decoding=\"async\" width=\"620\" height=\"620\" src=\"https:\/\/akdosan.com\/wp-content\/uploads\/galeri-27.png\" class=\"\" alt=\"\" \/>\t\t\t\t\t\t\t\t\t\t<\/div>\n\n\t\t\t\t\t\t\t\t\t\n\t\t\t\t\t\t\t\t<\/div>\n\t\t\t\t\t\t\t<\/div>\n\t\t\t\t\t\t<\/div>\n\t\t\t\t\t\t\t\t\t\t\t<div class=\"elementskit-client-slider-item swiper-slide \">\n\t\t\t\t\t\t\t<div class=\"swiper-slide-inner\">\n\t\t\t\t\t\t\t\t<div class=\"single-client image-switcher\" title=\"\">\n\t\t\t\t\t\t\t\t\t\n\t\t\t\t\t\t\t\t\t\t<div class=\"content-image\">\n\n\t\t\t\t\t\t\t\t\t\t\t<img loading=\"lazy\" decoding=\"async\" width=\"600\" height=\"620\" src=\"https:\/\/akdosan.com\/wp-content\/uploads\/galeri-28.png\" class=\"\" alt=\"\" \/>\t\t\t\t\t\t\t\t\t\t<\/div>\n\n\t\t\t\t\t\t\t\t\t\n\t\t\t\t\t\t\t\t<\/div>\n\t\t\t\t\t\t\t<\/div>\n\t\t\t\t\t\t<\/div>\n\t\t\t\t\t\t\t\t\t\t\t<div class=\"elementskit-client-slider-item swiper-slide \">\n\t\t\t\t\t\t\t<div class=\"swiper-slide-inner\">\n\t\t\t\t\t\t\t\t<div class=\"single-client image-switcher\" title=\"\">\n\t\t\t\t\t\t\t\t\t\n\t\t\t\t\t\t\t\t\t\t<div class=\"content-image\">\n\n\t\t\t\t\t\t\t\t\t\t\t<img loading=\"lazy\" decoding=\"async\" width=\"620\" height=\"620\" src=\"https:\/\/akdosan.com\/wp-content\/uploads\/galeri-29.png\" class=\"\" alt=\"\" \/>\t\t\t\t\t\t\t\t\t\t<\/div>\n\n\t\t\t\t\t\t\t\t\t\n\t\t\t\t\t\t\t\t<\/div>\n\t\t\t\t\t\t\t<\/div>\n\t\t\t\t\t\t<\/div>\n\t\t\t\t\t\t\t\t\t<\/div>\n\n\t\t\t\t\t\t\t\t\t<div class=\"swiper-pagination\"><\/div>\n\t\t\t\t\n\t\t\t\t\t\t\t<\/div><!-- .elementskit-clients-slider END -->\n\t\t<\/div>\n\t\t<\/div>\t\t<\/div>\n\t\t\t\t<\/div>\n\t\t\t\t<\/div>\n\t\t\t\t\t<\/div>\n\t\t\t\t<\/div>\n\t\t\t\t<\/div>\n\t\t","protected":false},"excerpt":{"rendered":"<p>Yenilik\u00e7i At\u0131k Y\u00f6netimi Entegre At\u0131k Y\u00f6netimi 1. Yenilik\u00e7i At\u0131k Y\u00f6netimi Yenilik\u00e7i At\u0131k D\u00f6n\u00fc\u015f\u00fcm Projeleri geli\u015ftiriyoruz. Plastik, cam ve ka\u011f\u0131t gibi materyallerin farkl\u0131 alanlarda kullan\u0131lmas\u0131n\u0131 sa\u011flayarak yenilik\u00e7i \u00fcr\u00fcnler ortaya \u00e7\u0131kar\u0131yoruz. 2. D\u00f6ng\u00fcsel Ekonomiye Katk\u0131 At\u0131klar\u0131 sadece bertaraf etmekle kalmay\u0131p, yeniden kullan\u0131labilir ve geri d\u00f6n\u00fc\u015ft\u00fcr\u00fclebilir hale getiriyoruz. Bu sayede at\u0131klar, s\u00fcrd\u00fcr\u00fclebilir bir d\u00f6ng\u00fc i\u00e7inde tekrar ekonomiye kazand\u0131r\u0131l\u0131yor. [&hellip;]<\/p>\n","protected":false},"author":1,"featured_media":0,"parent":0,"menu_order":0,"comment_status":"closed","ping_status":"closed","template":"","meta":{"footnotes":""},"class_list":["post-40","page","type-page","status-publish","hentry"],"_links":{"self":[{"href":"https:\/\/akdosan.com\/index.php\/wp-json\/wp\/v2\/pages\/40"}],"collection":[{"href":"https:\/\/akdosan.com\/index.php\/wp-json\/wp\/v2\/pages"}],"about":[{"href":"https:\/\/akdosan.com\/index.php\/wp-json\/wp\/v2\/types\/page"}],"author":[{"embeddable":true,"href":"https:\/\/akdosan.com\/index.php\/wp-json\/wp\/v2\/users\/1"}],"replies":[{"embeddable":true,"href":"https:\/\/akdosan.com\/index.php\/wp-json\/wp\/v2\/comments?post=40"}],"version-history":[{"count":12,"href":"https:\/\/akdosan.com\/index.php\/wp-json\/wp\/v2\/pages\/40\/revisions"}],"predecessor-version":[{"id":736,"href":"https:\/\/akdosan.com\/index.php\/wp-json\/wp\/v2\/pages\/40\/revisions\/736"}],"wp:attachment":[{"href":"https:\/\/akdosan.com\/index.php\/wp-json\/wp\/v2\/media?parent=40"}],"curies":[{"name":"wp","href":"https:\/\/api.w.org\/{rel}","templated":true}]}}