{"id":39,"date":"2024-10-07T16:17:31","date_gmt":"2024-10-07T13:17:31","guid":{"rendered":"http:\/\/akdosan-nd"},"modified":"2024-10-09T20:06:16","modified_gmt":"2024-10-09T17:06:16","slug":"neden-akdosan","status":"publish","type":"page","link":"https:\/\/akdosan.com\/index.php\/neden-akdosan\/","title":{"rendered":"Neden Akd\u00f6san"},"content":{"rendered":"\t\t<div data-elementor-type=\"wp-page\" data-elementor-id=\"39\" class=\"elementor elementor-39\">\n\t\t\t\t<div class=\"elementor-element elementor-element-23d4cd64 e-flex e-con-boxed e-con e-parent\" data-id=\"23d4cd64\" data-element_type=\"container\" data-settings=\"{&quot;background_background&quot;:&quot;gradient&quot;}\">\n\t\t\t\t\t<div class=\"e-con-inner\">\n\t\t<div class=\"elementor-element elementor-element-ede68ea e-con-full e-flex e-con e-child\" data-id=\"ede68ea\" data-element_type=\"container\">\n\t\t<div class=\"elementor-element elementor-element-0cce61b e-con-full e-flex e-con e-child\" data-id=\"0cce61b\" data-element_type=\"container\">\n\t\t\t\t<div class=\"elementor-element elementor-element-727566a elementor-widget__width-auto animated-slow e-transform elementor-invisible elementor-widget elementor-widget-image\" data-id=\"727566a\" data-element_type=\"widget\" data-settings=\"{&quot;_animation&quot;:&quot;slideInLeft&quot;,&quot;_transform_scale_effect_hover&quot;:{&quot;unit&quot;:&quot;px&quot;,&quot;size&quot;:1.01,&quot;sizes&quot;:[]},&quot;_transform_scale_effect_hover_tablet&quot;:{&quot;unit&quot;:&quot;px&quot;,&quot;size&quot;:&quot;&quot;,&quot;sizes&quot;:[]},&quot;_transform_scale_effect_hover_mobile&quot;:{&quot;unit&quot;:&quot;px&quot;,&quot;size&quot;:&quot;&quot;,&quot;sizes&quot;:[]}}\" data-widget_type=\"image.default\">\n\t\t\t\t<div class=\"elementor-widget-container\">\n\t\t\t\t\t\t\t\t\t\t\t\t\t<img fetchpriority=\"high\" decoding=\"async\" width=\"640\" height=\"413\" src=\"https:\/\/akdosan.com\/wp-content\/uploads\/recycle-11.png\" class=\"attachment-full size-full wp-image-94\" alt=\"\" \/>\t\t\t\t\t\t\t\t\t\t\t\t\t<\/div>\n\t\t\t\t<\/div>\n\t\t\t\t<\/div>\n\t\t<div class=\"elementor-element elementor-element-87dc702 e-con-full e-flex e-con e-child\" data-id=\"87dc702\" data-element_type=\"container\" data-settings=\"{&quot;animation&quot;:&quot;none&quot;}\">\n\t\t<div class=\"elementor-element elementor-element-a9b73d9 e-con-full e-flex e-con e-child\" data-id=\"a9b73d9\" data-element_type=\"container\">\n\t\t\t\t<div class=\"elementor-element elementor-element-516cf6f elementor-widget elementor-widget-heading\" data-id=\"516cf6f\" data-element_type=\"widget\" data-widget_type=\"heading.default\">\n\t\t\t\t<div class=\"elementor-widget-container\">\n\t\t\t<h3 class=\"elementor-heading-title elementor-size-default\">Neden Akdosan\u2019\u0131 Se\u00e7melisiniz?<\/h3>\t\t<\/div>\n\t\t\t\t<\/div>\n\t\t\t\t<div class=\"elementor-element elementor-element-7039111 elementor-widget elementor-widget-heading\" data-id=\"7039111\" data-element_type=\"widget\" data-widget_type=\"heading.default\">\n\t\t\t\t<div class=\"elementor-widget-container\">\n\t\t\t<h2 class=\"elementor-heading-title elementor-size-default\">Akdosan\u2019\u0131 tercih ederek hem i\u015finize hem de \u00e7evreye de\u011fer kat\u0131n!<\/h2>\t\t<\/div>\n\t\t\t\t<\/div>\n\t\t\t\t<div class=\"elementor-element elementor-element-90cc496 elementor-widget elementor-widget-text-editor\" data-id=\"90cc496\" data-element_type=\"widget\" data-widget_type=\"text-editor.default\">\n\t\t\t\t<div class=\"elementor-widget-container\">\n\t\t\t\t\t\t\t<p>Akd\u00f6san&#8217;\u0131 se\u00e7menin avantajlar\u0131&#8230;<\/p>\t\t\t\t\t\t<\/div>\n\t\t\t\t<\/div>\n\t\t\t\t<div class=\"elementor-element elementor-element-f70e322 elementor-icon-list--layout-traditional elementor-list-item-link-full_width elementor-widget elementor-widget-icon-list\" data-id=\"f70e322\" data-element_type=\"widget\" data-widget_type=\"icon-list.default\">\n\t\t\t\t<div class=\"elementor-widget-container\">\n\t\t\t\t\t<ul class=\"elementor-icon-list-items\">\n\t\t\t\t\t\t\t<li class=\"elementor-icon-list-item\">\n\t\t\t\t\t\t\t\t\t\t\t<a href=\"#\">\n\n\t\t\t\t\t\t\t\t\t\t\t\t<span class=\"elementor-icon-list-icon\">\n\t\t\t\t\t\t\t<i aria-hidden=\"true\" class=\"icon icon-Leaf\"><\/i>\t\t\t\t\t\t<\/span>\n\t\t\t\t\t\t\t\t\t\t<span class=\"elementor-icon-list-text\">Tecr\u00fcbeli ve G\u00fcvenilir<\/span>\n\t\t\t\t\t\t\t\t\t\t\t<\/a>\n\t\t\t\t\t\t\t\t\t<\/li>\n\t\t\t\t\t\t\t\t<li class=\"elementor-icon-list-item\">\n\t\t\t\t\t\t\t\t\t\t\t<a href=\"#\">\n\n\t\t\t\t\t\t\t\t\t\t\t\t<span class=\"elementor-icon-list-icon\">\n\t\t\t\t\t\t\t<i aria-hidden=\"true\" class=\"icon icon-Leaf\"><\/i>\t\t\t\t\t\t<\/span>\n\t\t\t\t\t\t\t\t\t\t<span class=\"elementor-icon-list-text\">S\u00fcrd\u00fcr\u00fclebilir ve \u00c7evre Dostu \u00c7\u00f6z\u00fcmler<\/span>\n\t\t\t\t\t\t\t\t\t\t\t<\/a>\n\t\t\t\t\t\t\t\t\t<\/li>\n\t\t\t\t\t\t\t\t<li class=\"elementor-icon-list-item\">\n\t\t\t\t\t\t\t\t\t\t\t<a href=\"#\">\n\n\t\t\t\t\t\t\t\t\t\t\t\t<span class=\"elementor-icon-list-icon\">\n\t\t\t\t\t\t\t<i aria-hidden=\"true\" class=\"icon icon-Leaf\"><\/i>\t\t\t\t\t\t<\/span>\n\t\t\t\t\t\t\t\t\t\t<span class=\"elementor-icon-list-text\">\u00d6zelle\u015ftirilmi\u015f ve Teknoloji Destekli Hizmetler<\/span>\n\t\t\t\t\t\t\t\t\t\t\t<\/a>\n\t\t\t\t\t\t\t\t\t<\/li>\n\t\t\t\t\t\t\t\t<li class=\"elementor-icon-list-item\">\n\t\t\t\t\t\t\t\t\t\t\t<a href=\"#\">\n\n\t\t\t\t\t\t\t\t\t\t\t\t<span class=\"elementor-icon-list-icon\">\n\t\t\t\t\t\t\t<i aria-hidden=\"true\" class=\"icon icon-Leaf\"><\/i>\t\t\t\t\t\t<\/span>\n\t\t\t\t\t\t\t\t\t\t<span class=\"elementor-icon-list-text\">Yasal Uyum ve Sertifikaland\u0131rma<\/span>\n\t\t\t\t\t\t\t\t\t\t\t<\/a>\n\t\t\t\t\t\t\t\t\t<\/li>\n\t\t\t\t\t\t<\/ul>\n\t\t\t\t<\/div>\n\t\t\t\t<\/div>\n\t\t\t\t<\/div>\n\t\t\t\t<\/div>\n\t\t\t\t<\/div>\n\t\t<div class=\"elementor-element elementor-element-6701972 e-con-full e-flex e-con e-child\" data-id=\"6701972\" data-element_type=\"container\">\n\t\t\t\t<div class=\"elementor-element elementor-element-7fc4a2e elementor-widget elementor-widget-text-editor\" data-id=\"7fc4a2e\" data-element_type=\"widget\" data-widget_type=\"text-editor.default\">\n\t\t\t\t<div class=\"elementor-widget-container\">\n\t\t\t\t\t\t\t<p><strong>Neden Akdosan\u2019\u0131 Se\u00e7melisiniz?<\/strong><\/p><p>1. Tecr\u00fcbeli ve G\u00fcvenilir<\/p><p>Y\u0131llara dayanan deneyimimizle sekt\u00f6rde g\u00fcvenilir bir \u00e7\u00f6z\u00fcm orta\u011f\u0131 olarak \u00f6ne \u00e7\u0131k\u0131yoruz. At\u0131k y\u00f6netiminde kazand\u0131\u011f\u0131m\u0131z tecr\u00fcbe, en verimli ve etkili y\u00f6ntemlerle size hizmet sunmam\u0131z\u0131 sa\u011flar.<\/p><p>2. S\u00fcrd\u00fcr\u00fclebilir ve \u00c7evre Dostu \u00c7\u00f6z\u00fcmler<\/p><p>\u00c7evreyi korumak ve kaynaklar\u0131 verimli kullanmak bizim \u00f6nceli\u011fimiz. Hizmetlerimizle do\u011fay\u0131 korurken, geri d\u00f6n\u00fc\u015ft\u00fcr\u00fclebilir at\u0131klar\u0131n\u0131z\u0131 de\u011ferli kaynaklara d\u00f6n\u00fc\u015ft\u00fcrmenizi sa\u011fl\u0131yoruz.<\/p><p>3. \u00d6zelle\u015ftirilmi\u015f ve Teknoloji Destekli Hizmetler<\/p><p>\u0130htiya\u00e7lar\u0131n\u0131za uygun, esnek ve teknolojiyle desteklenmi\u015f at\u0131k y\u00f6netim \u00e7\u00f6z\u00fcmleri sunuyoruz. Ak\u0131ll\u0131 sistemlerimiz sayesinde s\u00fcre\u00e7lerinizi kolayla\u015ft\u0131r\u0131rken, maliyetlerinizi d\u00fc\u015f\u00fcr\u00fcyoruz.<\/p><p>4. Yasal Uyum ve Sertifikaland\u0131rma<\/p><p>At\u0131k y\u00f6netimi s\u00fcre\u00e7lerimiz, t\u00fcm yasal gerekliliklere uygun \u015fekilde y\u00fcr\u00fct\u00fcl\u00fcr. Ayr\u0131ca, s\u00fcrd\u00fcr\u00fclebilirlik raporlar\u0131 ve sertifikalarla i\u015f s\u00fcre\u00e7lerinizi belgeleriz.<\/p><p>Akdosan\u2019\u0131 tercih ederek hem i\u015finize hem de \u00e7evreye de\u011fer kat\u0131n!<\/p>\t\t\t\t\t\t<\/div>\n\t\t\t\t<\/div>\n\t\t\t\t<\/div>\n\t\t\t\t\t<\/div>\n\t\t\t\t<\/div>\n\t\t<div class=\"elementor-element elementor-element-70530012 e-flex e-con-boxed e-con e-parent\" data-id=\"70530012\" data-element_type=\"container\" data-settings=\"{&quot;background_background&quot;:&quot;classic&quot;}\">\n\t\t\t\t\t<div class=\"e-con-inner\">\n\t\t<div class=\"elementor-element elementor-element-6817d55c e-con-full e-flex e-con e-child\" data-id=\"6817d55c\" data-element_type=\"container\">\n\t\t\t\t<div class=\"elementor-element elementor-element-1efc0fcb elementor-widget elementor-widget-heading\" data-id=\"1efc0fcb\" data-element_type=\"widget\" data-widget_type=\"heading.default\">\n\t\t\t\t<div class=\"elementor-widget-container\">\n\t\t\t<h2 class=\"elementor-heading-title elementor-size-default\">Hizmetlerimiz<\/h2>\t\t<\/div>\n\t\t\t\t<\/div>\n\t\t\t\t<\/div>\n\t\t<div class=\"elementor-element elementor-element-6ec5189b e-con-full e-flex e-con e-child\" data-id=\"6ec5189b\" data-element_type=\"container\" data-settings=\"{&quot;background_background&quot;:&quot;classic&quot;}\">\n\t\t\t\t<div class=\"elementor-element elementor-element-6e31d6fe elementor-widget elementor-widget-elementskit-client-logo\" data-id=\"6e31d6fe\" data-element_type=\"widget\" data-widget_type=\"elementskit-client-logo.default\">\n\t\t\t\t<div class=\"elementor-widget-container\">\n\t\t\t<div class=\"ekit-wid-con\" >\t\t<div class=\"elementskit-clients-slider slider-dotted dot_default hover_from_top banner_logo_image\" data-config=\"{&quot;rtl&quot;:false,&quot;arrows&quot;:false,&quot;dots&quot;:true,&quot;autoplay&quot;:true,&quot;speed&quot;:1000,&quot;slidesPerView&quot;:4,&quot;slidesPerGroup&quot;:2,&quot;pauseOnHover&quot;:true,&quot;loop&quot;:true,&quot;breakpoints&quot;:{&quot;320&quot;:{&quot;slidesPerView&quot;:1,&quot;slidesPerGroup&quot;:1,&quot;spaceBetween&quot;:10},&quot;768&quot;:{&quot;slidesPerView&quot;:2,&quot;slidesPerGroup&quot;:1,&quot;spaceBetween&quot;:10},&quot;1024&quot;:{&quot;slidesPerView&quot;:4,&quot;slidesPerGroup&quot;:2,&quot;spaceBetween&quot;:15}}}\" data-direction=\"hover_from_top\">\n\t\t\t<div class=\"ekit-main-swiper swiper\">\n\t\t\t\t<div class=\"swiper-wrapper\">\n\t\t\t\t\t\t\t\t\t\t\t<div class=\"elementskit-client-slider-item swiper-slide \">\n\t\t\t\t\t\t\t<div class=\"swiper-slide-inner\">\n\t\t\t\t\t\t\t\t<div class=\"single-client image-switcher\" title=\"\">\n\t\t\t\t\t\t\t\t\t\n\t\t\t\t\t\t\t\t\t\t<div class=\"content-image\">\n\n\t\t\t\t\t\t\t\t\t\t\t<img decoding=\"async\" width=\"620\" height=\"620\" src=\"https:\/\/akdosan.com\/wp-content\/uploads\/galeri-23.png\" class=\"\" alt=\"\" \/>\t\t\t\t\t\t\t\t\t\t<\/div>\n\n\t\t\t\t\t\t\t\t\t\n\t\t\t\t\t\t\t\t<\/div>\n\t\t\t\t\t\t\t<\/div>\n\t\t\t\t\t\t<\/div>\n\t\t\t\t\t\t\t\t\t\t\t<div class=\"elementskit-client-slider-item swiper-slide \">\n\t\t\t\t\t\t\t<div class=\"swiper-slide-inner\">\n\t\t\t\t\t\t\t\t<div class=\"single-client image-switcher\" title=\"\">\n\t\t\t\t\t\t\t\t\t\n\t\t\t\t\t\t\t\t\t\t<div class=\"content-image\">\n\n\t\t\t\t\t\t\t\t\t\t\t<img decoding=\"async\" width=\"620\" height=\"620\" src=\"https:\/\/akdosan.com\/wp-content\/uploads\/galeri-24.png\" class=\"\" alt=\"\" \/>\t\t\t\t\t\t\t\t\t\t<\/div>\n\n\t\t\t\t\t\t\t\t\t\n\t\t\t\t\t\t\t\t<\/div>\n\t\t\t\t\t\t\t<\/div>\n\t\t\t\t\t\t<\/div>\n\t\t\t\t\t\t\t\t\t\t\t<div class=\"elementskit-client-slider-item swiper-slide \">\n\t\t\t\t\t\t\t<div class=\"swiper-slide-inner\">\n\t\t\t\t\t\t\t\t<div class=\"single-client image-switcher\" title=\"\">\n\t\t\t\t\t\t\t\t\t\n\t\t\t\t\t\t\t\t\t\t<div class=\"content-image\">\n\n\t\t\t\t\t\t\t\t\t\t\t<img loading=\"lazy\" decoding=\"async\" width=\"620\" height=\"620\" src=\"https:\/\/akdosan.com\/wp-content\/uploads\/galeri-25.png\" class=\"\" alt=\"\" \/>\t\t\t\t\t\t\t\t\t\t<\/div>\n\n\t\t\t\t\t\t\t\t\t\n\t\t\t\t\t\t\t\t<\/div>\n\t\t\t\t\t\t\t<\/div>\n\t\t\t\t\t\t<\/div>\n\t\t\t\t\t\t\t\t\t\t\t<div class=\"elementskit-client-slider-item swiper-slide \">\n\t\t\t\t\t\t\t<div class=\"swiper-slide-inner\">\n\t\t\t\t\t\t\t\t<div class=\"single-client image-switcher\" title=\"\">\n\t\t\t\t\t\t\t\t\t\n\t\t\t\t\t\t\t\t\t\t<div class=\"content-image\">\n\n\t\t\t\t\t\t\t\t\t\t\t<img loading=\"lazy\" decoding=\"async\" width=\"620\" height=\"620\" src=\"https:\/\/akdosan.com\/wp-content\/uploads\/galeri-27.png\" class=\"\" alt=\"\" \/>\t\t\t\t\t\t\t\t\t\t<\/div>\n\n\t\t\t\t\t\t\t\t\t\n\t\t\t\t\t\t\t\t<\/div>\n\t\t\t\t\t\t\t<\/div>\n\t\t\t\t\t\t<\/div>\n\t\t\t\t\t\t\t\t\t\t\t<div class=\"elementskit-client-slider-item swiper-slide \">\n\t\t\t\t\t\t\t<div class=\"swiper-slide-inner\">\n\t\t\t\t\t\t\t\t<div class=\"single-client image-switcher\" title=\"\">\n\t\t\t\t\t\t\t\t\t\n\t\t\t\t\t\t\t\t\t\t<div class=\"content-image\">\n\n\t\t\t\t\t\t\t\t\t\t\t<img loading=\"lazy\" decoding=\"async\" width=\"600\" height=\"620\" src=\"https:\/\/akdosan.com\/wp-content\/uploads\/galeri-28.png\" class=\"\" alt=\"\" \/>\t\t\t\t\t\t\t\t\t\t<\/div>\n\n\t\t\t\t\t\t\t\t\t\n\t\t\t\t\t\t\t\t<\/div>\n\t\t\t\t\t\t\t<\/div>\n\t\t\t\t\t\t<\/div>\n\t\t\t\t\t\t\t\t\t\t\t<div class=\"elementskit-client-slider-item swiper-slide \">\n\t\t\t\t\t\t\t<div class=\"swiper-slide-inner\">\n\t\t\t\t\t\t\t\t<div class=\"single-client image-switcher\" title=\"\">\n\t\t\t\t\t\t\t\t\t\n\t\t\t\t\t\t\t\t\t\t<div class=\"content-image\">\n\n\t\t\t\t\t\t\t\t\t\t\t<img loading=\"lazy\" decoding=\"async\" width=\"620\" height=\"620\" src=\"https:\/\/akdosan.com\/wp-content\/uploads\/galeri-29.png\" class=\"\" alt=\"\" \/>\t\t\t\t\t\t\t\t\t\t<\/div>\n\n\t\t\t\t\t\t\t\t\t\n\t\t\t\t\t\t\t\t<\/div>\n\t\t\t\t\t\t\t<\/div>\n\t\t\t\t\t\t<\/div>\n\t\t\t\t\t\t\t\t\t<\/div>\n\n\t\t\t\t\t\t\t\t\t<div class=\"swiper-pagination\"><\/div>\n\t\t\t\t\n\t\t\t\t\t\t\t<\/div><!-- .elementskit-clients-slider END -->\n\t\t<\/div>\n\t\t<\/div>\t\t<\/div>\n\t\t\t\t<\/div>\n\t\t\t\t<\/div>\n\t\t\t\t\t<\/div>\n\t\t\t\t<\/div>\n\t\t\t\t<\/div>\n\t\t","protected":false},"excerpt":{"rendered":"<p>Neden Akdosan\u2019\u0131 Se\u00e7melisiniz? Akdosan\u2019\u0131 tercih ederek hem i\u015finize hem de \u00e7evreye de\u011fer kat\u0131n! Akd\u00f6san&#8217;\u0131 se\u00e7menin avantajlar\u0131&#8230; Tecr\u00fcbeli ve G\u00fcvenilir S\u00fcrd\u00fcr\u00fclebilir ve \u00c7evre Dostu \u00c7\u00f6z\u00fcmler \u00d6zelle\u015ftirilmi\u015f ve Teknoloji Destekli Hizmetler Yasal Uyum ve Sertifikaland\u0131rma Neden Akdosan\u2019\u0131 Se\u00e7melisiniz? 1. Tecr\u00fcbeli ve G\u00fcvenilir Y\u0131llara dayanan deneyimimizle sekt\u00f6rde g\u00fcvenilir bir \u00e7\u00f6z\u00fcm orta\u011f\u0131 olarak \u00f6ne \u00e7\u0131k\u0131yoruz. At\u0131k y\u00f6netiminde kazand\u0131\u011f\u0131m\u0131z tecr\u00fcbe, [&hellip;]<\/p>\n","protected":false},"author":1,"featured_media":0,"parent":0,"menu_order":0,"comment_status":"closed","ping_status":"closed","template":"","meta":{"footnotes":""},"class_list":["post-39","page","type-page","status-publish","hentry"],"_links":{"self":[{"href":"https:\/\/akdosan.com\/index.php\/wp-json\/wp\/v2\/pages\/39"}],"collection":[{"href":"https:\/\/akdosan.com\/index.php\/wp-json\/wp\/v2\/pages"}],"about":[{"href":"https:\/\/akdosan.com\/index.php\/wp-json\/wp\/v2\/types\/page"}],"author":[{"embeddable":true,"href":"https:\/\/akdosan.com\/index.php\/wp-json\/wp\/v2\/users\/1"}],"replies":[{"embeddable":true,"href":"https:\/\/akdosan.com\/index.php\/wp-json\/wp\/v2\/comments?post=39"}],"version-history":[{"count":0,"href":"https:\/\/akdosan.com\/index.php\/wp-json\/wp\/v2\/pages\/39\/revisions"}],"wp:attachment":[{"href":"https:\/\/akdosan.com\/index.php\/wp-json\/wp\/v2\/media?parent=39"}],"curies":[{"name":"wp","href":"https:\/\/api.w.org\/{rel}","templated":true}]}}