{"id":27,"date":"2024-10-07T16:17:30","date_gmt":"2024-10-07T13:17:30","guid":{"rendered":"https:\/\/akdosan.com\/index.php\/hakkimizda\/"},"modified":"2024-10-09T22:07:24","modified_gmt":"2024-10-09T19:07:24","slug":"hakkimizda","status":"publish","type":"page","link":"https:\/\/akdosan.com\/index.php\/hakkimizda\/","title":{"rendered":"Hakk\u0131m\u0131zda"},"content":{"rendered":"\t\t<div data-elementor-type=\"wp-page\" data-elementor-id=\"27\" class=\"elementor elementor-27\">\n\t\t\t\t<div class=\"elementor-element elementor-element-5a9587b9 e-con-full e-flex e-con e-parent\" data-id=\"5a9587b9\" data-element_type=\"container\" data-settings=\"{&quot;background_background&quot;:&quot;classic&quot;}\">\n\t\t<div class=\"elementor-element elementor-element-e39a4ec e-flex e-con-boxed e-con e-child\" data-id=\"e39a4ec\" data-element_type=\"container\">\n\t\t\t\t\t<div class=\"e-con-inner\">\n\t\t\t\t<div class=\"elementor-element elementor-element-7aa725e8 elementor-widget elementor-widget-heading\" data-id=\"7aa725e8\" data-element_type=\"widget\" data-widget_type=\"heading.default\">\n\t\t\t\t<div class=\"elementor-widget-container\">\n\t\t\t<h1 class=\"elementor-heading-title elementor-size-default\">Hakk\u0131m\u0131zda<\/h1>\t\t<\/div>\n\t\t\t\t<\/div>\n\t\t\t\t\t<\/div>\n\t\t\t\t<\/div>\n\t\t\t\t<\/div>\n\t\t<div class=\"elementor-element elementor-element-7ec23742 e-con-full e-flex e-con e-child\" data-id=\"7ec23742\" data-element_type=\"container\">\n\t\t\t\t<div class=\"elementor-element elementor-element-a7b0b4d elementor-widget elementor-widget-heading\" data-id=\"a7b0b4d\" data-element_type=\"widget\" data-widget_type=\"heading.default\">\n\t\t\t\t<div class=\"elementor-widget-container\">\n\t\t\t<h2 class=\"elementor-heading-title elementor-size-default\">Hakk\u0131m\u0131zda<\/h2>\t\t<\/div>\n\t\t\t\t<\/div>\n\t\t\t\t<\/div>\n\t\t<div class=\"elementor-element elementor-element-29878e35 e-flex e-con-boxed e-con e-parent\" data-id=\"29878e35\" data-element_type=\"container\">\n\t\t\t\t\t<div class=\"e-con-inner\">\n\t\t<div class=\"elementor-element elementor-element-7bb819b9 e-con-full e-flex e-con e-child\" data-id=\"7bb819b9\" data-element_type=\"container\">\n\t\t\t\t<div class=\"elementor-element elementor-element-6062ddba elementor-widget elementor-widget-image\" data-id=\"6062ddba\" data-element_type=\"widget\" data-widget_type=\"image.default\">\n\t\t\t\t<div class=\"elementor-widget-container\">\n\t\t\t\t\t\t\t\t\t\t\t\t\t<img fetchpriority=\"high\" decoding=\"async\" width=\"620\" height=\"620\" src=\"https:\/\/akdosan.com\/wp-content\/uploads\/galeri-26.png\" class=\"attachment-full size-full wp-image-237\" alt=\"\" \/>\t\t\t\t\t\t\t\t\t\t\t\t\t<\/div>\n\t\t\t\t<\/div>\n\t\t\t\t<\/div>\n\t\t<div class=\"elementor-element elementor-element-1db8ce91 e-con-full e-flex e-con e-child\" data-id=\"1db8ce91\" data-element_type=\"container\">\n\t\t\t\t<div class=\"elementor-element elementor-element-b2c9785 elementor-widget elementor-widget-text-editor\" data-id=\"b2c9785\" data-element_type=\"widget\" data-widget_type=\"text-editor.default\">\n\t\t\t\t<div class=\"elementor-widget-container\">\n\t\t\t\t\t\t\t<p>1998 y\u0131l\u0131ndan beri AKD\u00d6SAN (Aksu \u00c7evre Dan\u0131\u015fmanl\u0131k ve Geri D\u00f6n\u00fc\u015f\u00fcm A.\u015e.) at\u0131k y\u00f6netim hizmetlerine devam etmektedir. Sahip oldu\u011fu ambalaj at\u0131\u011f\u0131 toplama ay\u0131rma lisanslar\u0131 ve tehlikesiz at\u0131k toplama ay\u0131rma belgeleri ile Adana, Erzurum ve Kahramanmara\u015f\u2019ta yer alan toplama ay\u0131rma tesisleri ile ambalaj at\u0131klar\u0131 ve tehlikesiz at\u0131klar\u0131n geri kazan\u0131m s\u00fcrecine kat\u0131lmas\u0131na arac\u0131l\u0131k etmektedir. Faaliyet g\u00f6sterdi\u011fi \u015fehirlerde ve \u00e7evre illerde olu\u015fan ambalaj at\u0131klar\u0131n\u0131n ve tehlikesiz at\u0131klar\u0131n kayna\u011f\u0131nda ayr\u0131\u015ft\u0131r\u0131lmas\u0131, etkin ve verimli bir \u015fekilde toplanarak geri d\u00f6n\u00fc\u015f\u00fcme kazand\u0131r\u0131lmas\u0131 s\u00fcrecine katk\u0131 sa\u011flamaktad\u0131r. Ayr\u0131ca s\u00fcrekli geli\u015fen ve de\u011fi\u015fen \u00e7evre mevzuat\u0131 gere\u011fi, konusunda uzman personel kadrosu ile gerekti\u011fi durumlarda at\u0131k y\u00f6netim hizmeti de vermektedir.<\/p><p>AKD\u00d6SAN b\u00fcnyesindeki toplama ay\u0131rma tesisleri ile T\u00fcrkiye geri kazan\u0131m sanayiinin %100 d\u00f6n\u00fc\u015febilen at\u0131k kullanarak ger\u00e7ekle\u015ftirdikleri \u00fcretime katk\u0131 sa\u011flamaktad\u0131r<\/p>\t\t\t\t\t\t<\/div>\n\t\t\t\t<\/div>\n\t\t\t\t<\/div>\n\t\t\t\t\t<\/div>\n\t\t\t\t<\/div>\n\t\t<div class=\"elementor-element elementor-element-63d25f62 e-flex e-con-boxed e-con e-parent\" data-id=\"63d25f62\" data-element_type=\"container\" data-settings=\"{&quot;background_background&quot;:&quot;classic&quot;}\">\n\t\t\t\t\t<div class=\"e-con-inner\">\n\t\t<div class=\"elementor-element elementor-element-6967e894 e-con-full e-flex e-con e-child\" data-id=\"6967e894\" data-element_type=\"container\">\n\t\t\t\t<div class=\"elementor-element elementor-element-1754fd7d elementor-widget elementor-widget-heading\" data-id=\"1754fd7d\" data-element_type=\"widget\" data-widget_type=\"heading.default\">\n\t\t\t\t<div class=\"elementor-widget-container\">\n\t\t\t<h2 class=\"elementor-heading-title elementor-size-default\">hizmetlerimiz<\/h2>\t\t<\/div>\n\t\t\t\t<\/div>\n\t\t\t\t<\/div>\n\t\t<div class=\"elementor-element elementor-element-7d9ba10a e-con-full e-flex e-con e-child\" data-id=\"7d9ba10a\" data-element_type=\"container\" data-settings=\"{&quot;background_background&quot;:&quot;classic&quot;}\">\n\t\t\t\t<div class=\"elementor-element elementor-element-4acd5ddc elementor-widget elementor-widget-elementskit-client-logo\" data-id=\"4acd5ddc\" data-element_type=\"widget\" data-widget_type=\"elementskit-client-logo.default\">\n\t\t\t\t<div class=\"elementor-widget-container\">\n\t\t\t<div class=\"ekit-wid-con\" >\t\t<div class=\"elementskit-clients-slider slider-dotted dot_default hover_from_top banner_logo_image\" data-config=\"{&quot;rtl&quot;:false,&quot;arrows&quot;:false,&quot;dots&quot;:true,&quot;autoplay&quot;:true,&quot;speed&quot;:1000,&quot;slidesPerView&quot;:4,&quot;slidesPerGroup&quot;:2,&quot;pauseOnHover&quot;:true,&quot;loop&quot;:true,&quot;breakpoints&quot;:{&quot;320&quot;:{&quot;slidesPerView&quot;:1,&quot;slidesPerGroup&quot;:1,&quot;spaceBetween&quot;:10},&quot;768&quot;:{&quot;slidesPerView&quot;:2,&quot;slidesPerGroup&quot;:1,&quot;spaceBetween&quot;:10},&quot;1024&quot;:{&quot;slidesPerView&quot;:4,&quot;slidesPerGroup&quot;:2,&quot;spaceBetween&quot;:15}}}\" data-direction=\"hover_from_top\">\n\t\t\t<div class=\"ekit-main-swiper swiper\">\n\t\t\t\t<div class=\"swiper-wrapper\">\n\t\t\t\t\t\t\t\t\t\t\t<div class=\"elementskit-client-slider-item swiper-slide \">\n\t\t\t\t\t\t\t<div class=\"swiper-slide-inner\">\n\t\t\t\t\t\t\t\t<div class=\"single-client image-switcher\" title=\"\">\n\t\t\t\t\t\t\t\t\t\n\t\t\t\t\t\t\t\t\t\t<div class=\"content-image\">\n\n\t\t\t\t\t\t\t\t\t\t\t<img decoding=\"async\" width=\"620\" height=\"620\" src=\"https:\/\/akdosan.com\/wp-content\/uploads\/galeri-23.png\" class=\"\" alt=\"\" \/>\t\t\t\t\t\t\t\t\t\t<\/div>\n\n\t\t\t\t\t\t\t\t\t\n\t\t\t\t\t\t\t\t<\/div>\n\t\t\t\t\t\t\t<\/div>\n\t\t\t\t\t\t<\/div>\n\t\t\t\t\t\t\t\t\t\t\t<div class=\"elementskit-client-slider-item swiper-slide \">\n\t\t\t\t\t\t\t<div class=\"swiper-slide-inner\">\n\t\t\t\t\t\t\t\t<div class=\"single-client image-switcher\" title=\"\">\n\t\t\t\t\t\t\t\t\t\n\t\t\t\t\t\t\t\t\t\t<div class=\"content-image\">\n\n\t\t\t\t\t\t\t\t\t\t\t<img decoding=\"async\" width=\"620\" height=\"620\" src=\"https:\/\/akdosan.com\/wp-content\/uploads\/galeri-24.png\" class=\"\" alt=\"\" \/>\t\t\t\t\t\t\t\t\t\t<\/div>\n\n\t\t\t\t\t\t\t\t\t\n\t\t\t\t\t\t\t\t<\/div>\n\t\t\t\t\t\t\t<\/div>\n\t\t\t\t\t\t<\/div>\n\t\t\t\t\t\t\t\t\t\t\t<div class=\"elementskit-client-slider-item swiper-slide \">\n\t\t\t\t\t\t\t<div class=\"swiper-slide-inner\">\n\t\t\t\t\t\t\t\t<div class=\"single-client image-switcher\" title=\"\">\n\t\t\t\t\t\t\t\t\t\n\t\t\t\t\t\t\t\t\t\t<div class=\"content-image\">\n\n\t\t\t\t\t\t\t\t\t\t\t<img loading=\"lazy\" decoding=\"async\" width=\"620\" height=\"620\" src=\"https:\/\/akdosan.com\/wp-content\/uploads\/galeri-25.png\" class=\"\" alt=\"\" \/>\t\t\t\t\t\t\t\t\t\t<\/div>\n\n\t\t\t\t\t\t\t\t\t\n\t\t\t\t\t\t\t\t<\/div>\n\t\t\t\t\t\t\t<\/div>\n\t\t\t\t\t\t<\/div>\n\t\t\t\t\t\t\t\t\t\t\t<div class=\"elementskit-client-slider-item swiper-slide \">\n\t\t\t\t\t\t\t<div class=\"swiper-slide-inner\">\n\t\t\t\t\t\t\t\t<div class=\"single-client image-switcher\" title=\"\">\n\t\t\t\t\t\t\t\t\t\n\t\t\t\t\t\t\t\t\t\t<div class=\"content-image\">\n\n\t\t\t\t\t\t\t\t\t\t\t<img loading=\"lazy\" decoding=\"async\" width=\"620\" height=\"620\" src=\"https:\/\/akdosan.com\/wp-content\/uploads\/galeri-27.png\" class=\"\" alt=\"\" \/>\t\t\t\t\t\t\t\t\t\t<\/div>\n\n\t\t\t\t\t\t\t\t\t\n\t\t\t\t\t\t\t\t<\/div>\n\t\t\t\t\t\t\t<\/div>\n\t\t\t\t\t\t<\/div>\n\t\t\t\t\t\t\t\t\t\t\t<div class=\"elementskit-client-slider-item swiper-slide \">\n\t\t\t\t\t\t\t<div class=\"swiper-slide-inner\">\n\t\t\t\t\t\t\t\t<div class=\"single-client image-switcher\" title=\"\">\n\t\t\t\t\t\t\t\t\t\n\t\t\t\t\t\t\t\t\t\t<div class=\"content-image\">\n\n\t\t\t\t\t\t\t\t\t\t\t<img loading=\"lazy\" decoding=\"async\" width=\"600\" height=\"620\" src=\"https:\/\/akdosan.com\/wp-content\/uploads\/galeri-28.png\" class=\"\" alt=\"\" \/>\t\t\t\t\t\t\t\t\t\t<\/div>\n\n\t\t\t\t\t\t\t\t\t\n\t\t\t\t\t\t\t\t<\/div>\n\t\t\t\t\t\t\t<\/div>\n\t\t\t\t\t\t<\/div>\n\t\t\t\t\t\t\t\t\t\t\t<div class=\"elementskit-client-slider-item swiper-slide \">\n\t\t\t\t\t\t\t<div class=\"swiper-slide-inner\">\n\t\t\t\t\t\t\t\t<div class=\"single-client image-switcher\" title=\"\">\n\t\t\t\t\t\t\t\t\t\n\t\t\t\t\t\t\t\t\t\t<div class=\"content-image\">\n\n\t\t\t\t\t\t\t\t\t\t\t<img loading=\"lazy\" decoding=\"async\" width=\"620\" height=\"620\" src=\"https:\/\/akdosan.com\/wp-content\/uploads\/galeri-29.png\" class=\"\" alt=\"\" \/>\t\t\t\t\t\t\t\t\t\t<\/div>\n\n\t\t\t\t\t\t\t\t\t\n\t\t\t\t\t\t\t\t<\/div>\n\t\t\t\t\t\t\t<\/div>\n\t\t\t\t\t\t<\/div>\n\t\t\t\t\t\t\t\t\t<\/div>\n\n\t\t\t\t\t\t\t\t\t<div class=\"swiper-pagination\"><\/div>\n\t\t\t\t\n\t\t\t\t\t\t\t<\/div><!-- .elementskit-clients-slider END -->\n\t\t<\/div>\n\t\t<\/div>\t\t<\/div>\n\t\t\t\t<\/div>\n\t\t\t\t<\/div>\n\t\t\t\t\t<\/div>\n\t\t\t\t<\/div>\n\t\t\t\t<\/div>\n\t\t","protected":false},"excerpt":{"rendered":"<p>Hakk\u0131m\u0131zda Hakk\u0131m\u0131zda 1998 y\u0131l\u0131ndan beri AKD\u00d6SAN (Aksu \u00c7evre Dan\u0131\u015fmanl\u0131k ve Geri D\u00f6n\u00fc\u015f\u00fcm A.\u015e.) at\u0131k y\u00f6netim hizmetlerine devam etmektedir. Sahip oldu\u011fu ambalaj at\u0131\u011f\u0131 toplama ay\u0131rma lisanslar\u0131 ve tehlikesiz at\u0131k toplama ay\u0131rma belgeleri ile Adana, Erzurum ve Kahramanmara\u015f\u2019ta yer alan toplama ay\u0131rma tesisleri ile ambalaj at\u0131klar\u0131 ve tehlikesiz at\u0131klar\u0131n geri kazan\u0131m s\u00fcrecine kat\u0131lmas\u0131na arac\u0131l\u0131k etmektedir. Faaliyet g\u00f6sterdi\u011fi [&hellip;]<\/p>\n","protected":false},"author":1,"featured_media":0,"parent":0,"menu_order":0,"comment_status":"closed","ping_status":"closed","template":"","meta":{"footnotes":""},"class_list":["post-27","page","type-page","status-publish","hentry"],"_links":{"self":[{"href":"https:\/\/akdosan.com\/index.php\/wp-json\/wp\/v2\/pages\/27"}],"collection":[{"href":"https:\/\/akdosan.com\/index.php\/wp-json\/wp\/v2\/pages"}],"about":[{"href":"https:\/\/akdosan.com\/index.php\/wp-json\/wp\/v2\/types\/page"}],"author":[{"embeddable":true,"href":"https:\/\/akdosan.com\/index.php\/wp-json\/wp\/v2\/users\/1"}],"replies":[{"embeddable":true,"href":"https:\/\/akdosan.com\/index.php\/wp-json\/wp\/v2\/comments?post=27"}],"version-history":[{"count":12,"href":"https:\/\/akdosan.com\/index.php\/wp-json\/wp\/v2\/pages\/27\/revisions"}],"predecessor-version":[{"id":670,"href":"https:\/\/akdosan.com\/index.php\/wp-json\/wp\/v2\/pages\/27\/revisions\/670"}],"wp:attachment":[{"href":"https:\/\/akdosan.com\/index.php\/wp-json\/wp\/v2\/media?parent=27"}],"curies":[{"name":"wp","href":"https:\/\/api.w.org\/{rel}","templated":true}]}}